{"id":8253,"date":"2022-05-25T16:42:20","date_gmt":"2022-05-25T14:42:20","guid":{"rendered":"https:\/\/www.cevvhb.fr\/?page_id=8253"},"modified":"2026-03-25T23:45:23","modified_gmt":"2026-03-25T22:45:23","slug":"tarifs-2022","status":"publish","type":"page","link":"https:\/\/www.cevvhb.fr\/index.php\/tarifs-2022\/","title":{"rendered":"Tarifs 2026"},"content":{"rendered":"\n<p><\/p>\n\n\n\n<p><\/p>\n\n\n\n<p><\/p>\n\n\n\n<p>Les cotisations et forfaits ne peuvent faire l&rsquo;objet d&rsquo;aucun remboursement<\/p>\n\n\n\n<p>Les cotisations et forfaits doivent \u00eatre int\u00e9gralement r\u00e9gl\u00e9s fin Avril, pass\u00e9 cette date, les pilotes dont le compte pilote est n\u00e9gatif ne seront pas remorqu\u00e9s.<\/p>\n\n\n\n<figure class=\"wp-block-table\"><table><tbody><tr><td>Cotisations<\/td><\/tr><tr><td><\/td><td>+ 25 ans<\/td><td>&#8211; 25 ans<\/td><\/tr><tr><td>Annuelle<\/td><td>160<\/td><td>100<\/td><\/tr><tr><td>Cette cotisation de base donne acc\u00e8s aux planeurs du club<br>Possibilit\u00e9 de faire de l&rsquo;instruction ou du remorquage si qualifi\u00e9.<\/td><\/tr><\/tbody><\/table><\/figure>\n\n\n\n<figure class=\"wp-block-table\"><table><tbody><tr><td><strong>Forfaits<\/strong><\/td><\/tr><tr><td><\/td><td>+ 25 ans<\/td><td>&#8211; 25 ans<\/td><\/tr><tr><td>Forfait illimit\u00e9<\/td><td>1100<\/td><td>850<\/td><\/tr><tr><td><br>Gratuit\u00e9 des heures cellules.<\/td><\/tr><\/tbody><\/table><\/figure>\n\n\n\n<figure class=\"wp-block-table\"><table><tbody><tr><td>Licence\/Assurance FFVV (obligatoire)<\/td><td><\/td><td><\/td><\/tr><tr><td><br>Licence Assurance RC IA (10000 \u20ac) AR PJ FM<\/td><td>+ 25 ans<\/td><td>&#8211; 25 ans<\/td><\/tr><tr><td>176,39 \u20ac<\/td><td>176,39 \u20ac<\/td><td>89,71 \u20ac<\/td><\/tr><tr><td>Licence Assurance RC IA (15000 \u20ac) AR PJ FM<\/td><td>181,84 \u20ac<\/td><td>94,66 \u20ac<\/td><\/tr><tr><td>Licence Assurance RC IA (30000 \u20ac) AR PJ FM<\/td><td>210,64 \u20ac<\/td><td>123,96 \u20ac<\/td><\/tr><tr><td>Licence Assurance RC IA (50000 \u20ac) AR PJ FM<\/td><td>244,89 \u20ac<\/td><td>158,21 \u20ac<\/td><\/tr><tr><td>Licence Assurance \u00ab\u00a0Asso-non volant\u00a0\u00bb     42,04 \u20ac<\/td><td><\/td><td><\/td><\/tr><tr><td>Licence Assurance \u00ab\u00a0DUO\u00a0\u00bb volant non comandant de bord 117,16 \u20ac<\/td><td><\/td><td><\/td><\/tr><\/tbody><\/table><\/figure>\n\n\n\n<figure class=\"wp-block-table\"><table><tbody><tr><td><strong>Co\u00fbts horaires Planeurs<\/strong><\/td><\/tr><tr><td><br>Astir<\/td><td>18 \u20ac<\/td><td>15 \u20ac<\/td><\/tr><tr><td>P\u00e9gase<\/td><td>20 \u20ac<\/td><td>18 \u20ac<\/td><\/tr><tr><td>Twin-Astir<\/td><td>24 \u20ac<\/td><td>20 \u20ac<\/td><\/tr><tr><td>Twin-Astir Ecole jusqu&rsquo;au brevet<\/td><td>20 \u20ac<\/td><td>18 \u20ac<\/td><\/tr><tr><td>Janus C<\/td><td>36 \u20ac<\/td><td>30 \u20ac<\/td><\/tr><\/tbody><\/table><\/figure>\n\n\n\n<h2 class=\"wp-block-heading\">Gratuit\u00e9 apr\u00e8s les 4 premi\u00e8res heures pay\u00e9es d&rsquo;un m\u00eame vol pour tous les planeurs<\/h2>\n\n\n\n<figure class=\"wp-block-table\"><table><tbody><tr><td><strong>Remorquage<\/strong><\/td><td><\/td><\/tr><tr><td>Le centi\u00e8me d&rsquo;heure<\/td><td>3 \u20ac<\/td><\/tr><tr><td><strong>Transformation pilote remorqueur&nbsp;<\/strong>(instructeur \u00e0 bord ;sans planeur) : le centi\u00e8me<\/td><td>1,50 \u20ac<\/td><\/tr><\/tbody><\/table><\/figure>\n\n\n\n<figure class=\"wp-block-table\"><table><tbody><tr><td><strong>Vols de d\u00e9couverte<\/strong><\/td><td>+25 ans     <\/td><td>&#8211; 25  ans      <\/td><\/tr><tr><td><br>Comprend la licence\/assurance obligatoire. <br><strong>Type 1 <\/strong>: Remorqu\u00e9 \u00e0 une hauteur de 1000 m. et largu\u00e9 1er&nbsp;relief. (+\/-30min) Type 2 : Remorqu\u00e9 vall\u00e9e Aspe largu\u00e9 montagne (Orgues, Anie au Ansab\u00e8re)(+\/- 1 h.)<\/td><td>120 \u20ac<\/td><td>100 \u20ac<\/td><\/tr><tr><td><strong>Type 2<\/strong>:Remorqu\u00e9 vall\u00e9e Aspe, largu\u00e9 montagne -Orgue, Anie ou Ansab\u00e8re. (+\/- 1h)<\/td><td>250 \u20ac<\/td><td>250 \u20ac<\/td><\/tr><tr><td><br>Autorisation parentale obligatoire pour les mineurs<\/td><td><\/td><td><\/td><\/tr><\/tbody><\/table><\/figure>\n\n\n\n<figure class=\"wp-block-table\"><table><tbody><tr><td><strong>PLANEURS PRIVES<\/strong><\/td><\/tr><tr><td>Place de hangar (en fonction de la place disponible) Monoplace Place de hangar (en fonction de la place disponible)<\/td><td>50 \u20ac\/mois<\/td><\/tr><tr><td>Biplace<\/td><td>75 \u20ac \/mois<\/td><\/tr><\/tbody><\/table><\/figure>\n\n\n\n<figure class=\"wp-block-table\"><table><tbody><tr><td><strong>COTISATIONS COURTES DUREES<\/strong><\/td><\/tr><tr><td><\/td><td>+ 25 ans<\/td><td>&#8211; 25 ans<\/td><\/tr><tr><td>Cotisation 12 jours CEVVHB et Licence Assurance FFVV<\/td><td><br>100<\/td><td><br>75<\/td><\/tr><tr><td>Cotisation&nbsp;<em>\u00ab\u00a0membre\u00a0\u00bb.<\/em> Valable pour 12 jours&nbsp;<strong>cons\u00e9cutifs<\/strong>,<\/td><\/tr><tr><td>Licence + Assurance RC IA (10 000 \u20ac) AR PJ FM<\/td><td>83,21<\/td><\/tr><tr><td><\/td><\/tr><tr><td>Cotisation 6 jours CEVVHB et Licence Assurance FFVV<\/td><td><br>75<\/td><td><br>50<\/td><\/tr><tr><td>Cotisation&nbsp;<em>\u00ab\u00a0membre\u00a0\u00bb.<\/em>Valable pour 6 jours&nbsp;<strong>cons\u00e9cutifs<\/strong>,<\/td><\/tr><tr><td>Licence + Assurance RC IA (10 000 \u20ac) AR PJ FM<\/td><td>26,93<\/td><\/tr><tr><td><\/td><\/tr><tr><td>Cotisation 3 jours CEVVHB et Licence Assurance FFVV<\/td><td><br>50<\/td><td><br>35<\/td><\/tr><tr><td>Cotisation&nbsp;<em>\u00ab\u00a0membre\u00a0\u00bb.<\/em>Valable pour 3 jours&nbsp;<strong>cons\u00e9cutifs<\/strong>,<\/td><\/tr><tr><td>Licence + Assurance RC IA (10 000 \u20ac) AR PJ FM<\/td><td>17,59<\/td><\/tr><tr><td><\/td><\/tr><tr><td>Cotisation journali\u00e8re ( pour pilotes ayant d\u00e9j\u00e0 une licence\/assurance FFVV)<\/td><td>20<\/td><td>15<\/td><\/tr><tr><td>NB : au cas o\u00f9 un membre voudrait passer d\u2019une formule courte dur\u00e9e \u00e0 uneautre (par ex. de 6 \u00e0 12 jours), les cotisations d\u00e9j\u00e0 vers\u00e9es ne seront pas refactur\u00e9es, et le membre n\u2019aura que la diff\u00e9rence \u00e0 payer.<\/td><\/tr><\/tbody><\/table><\/figure>\n\n\n\n<p><\/p>\n\n\n\n<div class=\"wp-block-buttons is-content-justification-center is-layout-flex wp-container-core-buttons-is-layout-16018d1d wp-block-buttons-is-layout-flex\">\n<div class=\"wp-block-button has-custom-width wp-block-button__width-50 is-style-outline is-style-outline--1\"><a class=\"wp-block-button__link wp-element-button\" href=\"https:\/\/www.cevvhb.fr\/wp-content\/uploads\/2026\/03\/CEVVHB_Tarifs_2026.pdf\">TARIF DU CLUB \u00c0 TELECHARGER<\/a><\/div>\n<\/div>\n\n\n\n<p><\/p>\n","protected":false},"excerpt":{"rendered":"<p>Les cotisations et forfaits ne peuvent faire l&rsquo;objet d&rsquo;aucun remboursement Les cotisations et forfaits doivent \u00eatre int\u00e9gralement r\u00e9gl\u00e9s fin Avril, pass\u00e9 cette date, les pilotes dont le compte pilote est [&hellip;]<\/p>\n","protected":false},"author":1,"featured_media":0,"parent":0,"menu_order":0,"comment_status":"closed","ping_status":"closed","template":"","meta":{"footnotes":""},"class_list":["post-8253","page","type-page","status-publish","hentry"],"_links":{"self":[{"href":"https:\/\/www.cevvhb.fr\/index.php\/wp-json\/wp\/v2\/pages\/8253","targetHints":{"allow":["GET"]}}],"collection":[{"href":"https:\/\/www.cevvhb.fr\/index.php\/wp-json\/wp\/v2\/pages"}],"about":[{"href":"https:\/\/www.cevvhb.fr\/index.php\/wp-json\/wp\/v2\/types\/page"}],"author":[{"embeddable":true,"href":"https:\/\/www.cevvhb.fr\/index.php\/wp-json\/wp\/v2\/users\/1"}],"replies":[{"embeddable":true,"href":"https:\/\/www.cevvhb.fr\/index.php\/wp-json\/wp\/v2\/comments?post=8253"}],"version-history":[{"count":1,"href":"https:\/\/www.cevvhb.fr\/index.php\/wp-json\/wp\/v2\/pages\/8253\/revisions"}],"predecessor-version":[{"id":10677,"href":"https:\/\/www.cevvhb.fr\/index.php\/wp-json\/wp\/v2\/pages\/8253\/revisions\/10677"}],"wp:attachment":[{"href":"https:\/\/www.cevvhb.fr\/index.php\/wp-json\/wp\/v2\/media?parent=8253"}],"curies":[{"name":"wp","href":"https:\/\/api.w.org\/{rel}","templated":true}]}}