{"id":10553,"date":"2026-03-25T21:48:19","date_gmt":"2026-03-25T20:48:19","guid":{"rendered":"https:\/\/www.cevvhb.fr\/?page_id=10553"},"modified":"2026-03-25T23:39:56","modified_gmt":"2026-03-25T22:39:56","slug":"briefing","status":"publish","type":"page","link":"https:\/\/www.cevvhb.fr\/index.php\/briefing\/","title":{"rendered":"briefing"},"content":{"rendered":"\t\t<div data-elementor-type=\"wp-page\" data-elementor-id=\"10553\" class=\"elementor elementor-10553\">\n\t\t\t\t\t\t<section class=\"elementor-section elementor-top-section elementor-element elementor-element-22ebb94 elementor-section-content-middle elementor-section-full_width elementor-section-height-default elementor-section-height-default\" data-id=\"22ebb94\" data-element_type=\"section\" data-e-type=\"section\">\n\t\t\t\t\t\t\t<div class=\"elementor-background-overlay\"><\/div>\n\t\t\t\t\t\t\t<div class=\"elementor-container elementor-column-gap-default\">\n\t\t\t\t\t<div class=\"elementor-column elementor-col-100 elementor-top-column elementor-element elementor-element-5017395\" data-id=\"5017395\" data-element_type=\"column\" data-e-type=\"column\">\n\t\t\t<div class=\"elementor-widget-wrap elementor-element-populated\">\n\t\t\t\t\t\t<div class=\"elementor-element elementor-element-49ed34b elementor-widget elementor-widget-heading\" data-id=\"49ed34b\" data-element_type=\"widget\" data-e-type=\"widget\" data-widget_type=\"heading.default\">\n\t\t\t\t<div class=\"elementor-widget-container\">\n\t\t\t\t\t<h2 class=\"elementor-heading-title elementor-size-default\">Briefing<\/h2>\t\t\t\t<\/div>\n\t\t\t\t<\/div>\n\t\t\t\t\t<\/div>\n\t\t<\/div>\n\t\t\t\t\t<\/div>\n\t\t<\/section>\n\t\t\t\t<section class=\"elementor-section elementor-top-section elementor-element elementor-element-9e8e337 elementor-section-full_width elementor-section-height-default elementor-section-height-default\" data-id=\"9e8e337\" data-element_type=\"section\" data-e-type=\"section\">\n\t\t\t\t\t\t<div class=\"elementor-container elementor-column-gap-default\">\n\t\t\t\t\t<div class=\"elementor-column elementor-col-100 elementor-top-column elementor-element elementor-element-de58ca8\" data-id=\"de58ca8\" data-element_type=\"column\" data-e-type=\"column\">\n\t\t\t<div class=\"elementor-widget-wrap elementor-element-populated\">\n\t\t\t\t\t\t<div class=\"elementor-element elementor-element-62b19ef elementor-widget elementor-widget-html\" data-id=\"62b19ef\" data-element_type=\"widget\" data-e-type=\"widget\" data-widget_type=\"html.default\">\n\t\t\t\t<div class=\"elementor-widget-container\">\n\t\t\t\t\t<body>\n\n    <h2>Carte m\u00e9t\u00e9o (Windy)<\/h2>\n    <h4>plusieurs couches dispo (en haut droite)<\/h4>\n\n    <iframe \n        height=\"800\"\n        src=\"https:\/\/embed.windy.com\/embed2.html?lat=46.5&lon=2.5&zoom=5&overlay=wind\">\n    <\/iframe>\n\n<\/body>\n<\/html>\t\t\t\t<\/div>\n\t\t\t\t<\/div>\n\t\t\t\t\t<\/div>\n\t\t<\/div>\n\t\t\t\t\t<\/div>\n\t\t<\/section>\n\t\t\t\t<section class=\"elementor-section elementor-top-section elementor-element elementor-element-82660eb elementor-section-full_width elementor-section-height-default elementor-section-height-default\" data-id=\"82660eb\" data-element_type=\"section\" data-e-type=\"section\">\n\t\t\t\t\t\t<div class=\"elementor-container elementor-column-gap-default\">\n\t\t\t\t\t<div class=\"elementor-column elementor-col-100 elementor-top-column elementor-element elementor-element-ad933c9\" data-id=\"ad933c9\" data-element_type=\"column\" data-e-type=\"column\">\n\t\t\t<div class=\"elementor-widget-wrap elementor-element-populated\">\n\t\t\t\t\t\t<div class=\"elementor-element elementor-element-87e304d elementor-widget elementor-widget-html\" data-id=\"87e304d\" data-element_type=\"widget\" data-e-type=\"widget\" data-widget_type=\"html.default\">\n\t\t\t\t<div class=\"elementor-widget-container\">\n\t\t\t\t\t\n<section>\n    <h4>M\u00e9t\u00e9o-Parapente<\/h4>\n\n    <iframe \n        src=\"https:\/\/meteo-parapente.com\/#\/43.1005,-0.618,11\"\n        width=\"100%\"\n        height=\"700\"\n        style=\"border:none;\">\n    <\/iframe>\n\n    <p>\n        Si la carte ne s'affiche pas :\n        <a href=\"https:\/\/meteo-parapente.com\/#\/43.1005,-0.618,11\" target=\"_blank\">\n            ouvrir dans un nouvel onglet\n        <\/a>\n    <\/p>\n    \n\n\n<\/body>\n<\/html>\t\t\t\t<\/div>\n\t\t\t\t<\/div>\n\t\t\t\t\t<\/div>\n\t\t<\/div>\n\t\t\t\t\t<\/div>\n\t\t<\/section>\n\t\t\t\t<section class=\"elementor-section elementor-top-section elementor-element elementor-element-47bfcf6 elementor-section-full_width elementor-section-height-default elementor-section-height-default\" data-id=\"47bfcf6\" data-element_type=\"section\" data-e-type=\"section\">\n\t\t\t\t\t\t<div class=\"elementor-container elementor-column-gap-default\">\n\t\t\t\t\t<div class=\"elementor-column elementor-col-100 elementor-top-column elementor-element elementor-element-51fddf1\" data-id=\"51fddf1\" data-element_type=\"column\" data-e-type=\"column\">\n\t\t\t<div class=\"elementor-widget-wrap elementor-element-populated\">\n\t\t\t\t\t\t<div class=\"elementor-element elementor-element-9a6dc56 elementor-widget elementor-widget-html\" data-id=\"9a6dc56\" data-element_type=\"widget\" data-e-type=\"widget\" data-widget_type=\"html.default\">\n\t\t\t\t<div class=\"elementor-widget-container\">\n\t\t\t\t\t\n\n<\/section>\n    <iframe \n        src=\"https:\/\/notaminfo.com\/francemap\"\n        height=\"1000\">\n    <\/iframe>\n\n<\/body>\n<\/html>\t\t\t\t<\/div>\n\t\t\t\t<\/div>\n\t\t\t\t\t<\/div>\n\t\t<\/div>\n\t\t\t\t\t<\/div>\n\t\t<\/section>\n\t\t\t\t<section class=\"elementor-section elementor-top-section elementor-element elementor-element-3f699fc elementor-section-boxed elementor-section-height-default elementor-section-height-default\" data-id=\"3f699fc\" data-element_type=\"section\" data-e-type=\"section\">\n\t\t\t\t\t\t<div class=\"elementor-container elementor-column-gap-default\">\n\t\t\t\t\t<div class=\"elementor-column elementor-col-100 elementor-top-column elementor-element elementor-element-7bbb814\" data-id=\"7bbb814\" data-element_type=\"column\" data-e-type=\"column\">\n\t\t\t<div class=\"elementor-widget-wrap elementor-element-populated\">\n\t\t\t\t\t\t<div class=\"elementor-element elementor-element-7adad22 elementor-widget elementor-widget-html\" data-id=\"7adad22\" data-element_type=\"widget\" data-e-type=\"widget\" data-widget_type=\"html.default\">\n\t\t\t\t<div class=\"elementor-widget-container\">\n\t\t\t\t\t\n<iframe \n    src=\"https:\/\/charts.ecmwf.int\/products\/medium-rv-div-uv?base_time=202603251200&layer_name=rv_custom&projection=opencharts_europe&valid_time=202603270600\"\n    width=\"1000\" \n    height=\"800\" \n    frameborder=\"0\">\n<\/iframe>\n\t\t\t\t<\/div>\n\t\t\t\t<\/div>\n\t\t\t\t\t<\/div>\n\t\t<\/div>\n\t\t\t\t\t<\/div>\n\t\t<\/section>\n\t\t\t\t<section class=\"elementor-section elementor-top-section elementor-element elementor-element-c40b474 elementor-section-boxed elementor-section-height-default elementor-section-height-default\" data-id=\"c40b474\" data-element_type=\"section\" data-e-type=\"section\">\n\t\t\t\t\t\t<div class=\"elementor-container elementor-column-gap-default\">\n\t\t\t\t\t<div class=\"elementor-column elementor-col-100 elementor-top-column elementor-element elementor-element-9cf8b34\" data-id=\"9cf8b34\" data-element_type=\"column\" data-e-type=\"column\">\n\t\t\t<div class=\"elementor-widget-wrap elementor-element-populated\">\n\t\t\t\t\t\t<div class=\"elementor-element elementor-element-781a356 elementor-widget elementor-widget-html\" data-id=\"781a356\" data-element_type=\"widget\" data-e-type=\"widget\" data-widget_type=\"html.default\">\n\t\t\t\t<div class=\"elementor-widget-container\">\n\t\t\t\t\t<html lang=\"fr\">\n<h4>Pr\u00e9vision Front \u00e0 12H<\/h4>\n\n<img decoding=\"async\" src=\"https:\/\/cdn.knmi.nl\/knmi\/map\/page\/weer\/waarschuwingen_verwachtingen\/weerkaarten\/PL2512_large.gif\" \n\n<\/body>\n<\/html>\t\t\t\t<\/div>\n\t\t\t\t<\/div>\n\t\t\t\t\t<\/div>\n\t\t<\/div>\n\t\t\t\t\t<\/div>\n\t\t<\/section>\n\t\t\t\t<section class=\"elementor-section elementor-top-section elementor-element elementor-element-ec14fd5 elementor-section-boxed elementor-section-height-default elementor-section-height-default\" data-id=\"ec14fd5\" data-element_type=\"section\" data-e-type=\"section\">\n\t\t\t\t\t\t<div class=\"elementor-container elementor-column-gap-default\">\n\t\t\t\t\t<div class=\"elementor-column elementor-col-100 elementor-top-column elementor-element elementor-element-dce8661\" data-id=\"dce8661\" data-element_type=\"column\" data-e-type=\"column\">\n\t\t\t<div class=\"elementor-widget-wrap elementor-element-populated\">\n\t\t\t\t\t\t<div class=\"elementor-element elementor-element-bc6d068 elementor-widget elementor-widget-html\" data-id=\"bc6d068\" data-element_type=\"widget\" data-e-type=\"widget\" data-widget_type=\"html.default\">\n\t\t\t\t<div class=\"elementor-widget-container\">\n\t\t\t\t\t<h4>Pr\u00e9vision Front \u00e0 24H<\/h4>\n<img decoding=\"async\" src=\"https:\/\/cdn.knmi.nl\/knmi\/map\/page\/weer\/waarschuwingen_verwachtingen\/weerkaarten\/PL2600_large.gif\"  <\/img>\t\t\t\t<\/div>\n\t\t\t\t<\/div>\n\t\t\t\t\t<\/div>\n\t\t<\/div>\n\t\t\t\t\t<\/div>\n\t\t<\/section>\n\t\t\t\t<section class=\"elementor-section elementor-top-section elementor-element elementor-element-b64f29c elementor-section-boxed elementor-section-height-default elementor-section-height-default\" data-id=\"b64f29c\" data-element_type=\"section\" data-e-type=\"section\">\n\t\t\t\t\t\t<div class=\"elementor-container elementor-column-gap-default\">\n\t\t\t\t\t<div class=\"elementor-column elementor-col-100 elementor-top-column elementor-element elementor-element-7a6cf2a\" data-id=\"7a6cf2a\" data-element_type=\"column\" data-e-type=\"column\">\n\t\t\t<div class=\"elementor-widget-wrap elementor-element-populated\">\n\t\t\t\t\t\t<div class=\"elementor-element elementor-element-e2f4af2 elementor-widget elementor-widget-html\" data-id=\"e2f4af2\" data-element_type=\"widget\" data-e-type=\"widget\" data-widget_type=\"html.default\">\n\t\t\t\t<div class=\"elementor-widget-container\">\n\t\t\t\t\t<h4>Webcam<\/h4>\n<img decoding=\"async\" alt=\"Herr\u00e8re\" class=\"lg-object lg-image\" data-index=\"0\" src=\"https:\/\/imgproxy.windy.com\/_\/full\/plain\/current\/1664439979\/original.jpg\" style=\"width: auto; height: auto;\">\t\t\t\t<\/div>\n\t\t\t\t<\/div>\n\t\t\t\t\t<\/div>\n\t\t<\/div>\n\t\t\t\t\t<\/div>\n\t\t<\/section>\n\t\t\t\t<section class=\"elementor-section elementor-top-section elementor-element elementor-element-ca8699a elementor-section-boxed elementor-section-height-default elementor-section-height-default\" data-id=\"ca8699a\" data-element_type=\"section\" data-e-type=\"section\">\n\t\t\t\t\t\t<div class=\"elementor-container elementor-column-gap-default\">\n\t\t\t\t\t<div class=\"elementor-column elementor-col-100 elementor-top-column elementor-element elementor-element-a00c5b8\" data-id=\"a00c5b8\" data-element_type=\"column\" data-e-type=\"column\">\n\t\t\t<div class=\"elementor-widget-wrap elementor-element-populated\">\n\t\t\t\t\t\t<div class=\"elementor-element elementor-element-c3c2130 elementor-widget elementor-widget-html\" data-id=\"c3c2130\" data-element_type=\"widget\" data-e-type=\"widget\" data-widget_type=\"html.default\">\n\t\t\t\t<div class=\"elementor-widget-container\">\n\t\t\t\t\t<html lang=\"fr\">\n<head>\n    <meta charset=\"UTF-8\">\n    <meta name=\"viewport\" content=\"width=device-width, initial-scale=1.0\">\n    <title>M\u00e9t\u00e9o parapente<\/title>\n    <style>\n        body {\n            font-family: Arial, sans-serif;\n            margin: 20px;\n        }\n\n        h2, h4 {\n            margin-top: 30px;\n        }\n\n        iframe, img {\n            width: 100%;\n            border: none;\n            border-radius: 8px;\n        }\n    <\/style>\n<\/head>\n\n<section>\n    <h4>Webcam \u2013 Accous attero<\/h4>\n\n    <iframe \n        src=\"https:\/\/rtsp.me\/embed\/GshHzsYQ\/\"\n        width=\"100%\" \n        height=\"600\"\n        style=\"border: none;\">\n    <\/iframe>\n\n<\/section>\n<\/body>\n<\/html>\t\t\t\t<\/div>\n\t\t\t\t<\/div>\n\t\t\t\t\t<\/div>\n\t\t<\/div>\n\t\t\t\t\t<\/div>\n\t\t<\/section>\n\t\t\t\t<\/div>\n\t\t","protected":false},"excerpt":{"rendered":"<p>Briefing Carte m\u00e9t\u00e9o (Windy) plusieurs couches dispo (en haut droite) M\u00e9t\u00e9o-Parapente Si la carte ne s&rsquo;affiche pas : ouvrir dans un nouvel onglet Pr\u00e9vision Front \u00e0 12H<\/p>\n","protected":false},"author":1,"featured_media":0,"parent":0,"menu_order":0,"comment_status":"closed","ping_status":"closed","template":"","meta":{"footnotes":""},"class_list":["post-10553","page","type-page","status-publish","hentry"],"_links":{"self":[{"href":"https:\/\/www.cevvhb.fr\/index.php\/wp-json\/wp\/v2\/pages\/10553","targetHints":{"allow":["GET"]}}],"collection":[{"href":"https:\/\/www.cevvhb.fr\/index.php\/wp-json\/wp\/v2\/pages"}],"about":[{"href":"https:\/\/www.cevvhb.fr\/index.php\/wp-json\/wp\/v2\/types\/page"}],"author":[{"embeddable":true,"href":"https:\/\/www.cevvhb.fr\/index.php\/wp-json\/wp\/v2\/users\/1"}],"replies":[{"embeddable":true,"href":"https:\/\/www.cevvhb.fr\/index.php\/wp-json\/wp\/v2\/comments?post=10553"}],"version-history":[{"count":113,"href":"https:\/\/www.cevvhb.fr\/index.php\/wp-json\/wp\/v2\/pages\/10553\/revisions"}],"predecessor-version":[{"id":10675,"href":"https:\/\/www.cevvhb.fr\/index.php\/wp-json\/wp\/v2\/pages\/10553\/revisions\/10675"}],"wp:attachment":[{"href":"https:\/\/www.cevvhb.fr\/index.php\/wp-json\/wp\/v2\/media?parent=10553"}],"curies":[{"name":"wp","href":"https:\/\/api.w.org\/{rel}","templated":true}]}}